{"id":187,"date":"2016-10-14T19:56:08","date_gmt":"2016-10-14T19:56:08","guid":{"rendered":"http:\/\/www.desnudarte.com\/?page_id=187"},"modified":"2023-03-17T19:07:28","modified_gmt":"2023-03-17T19:07:28","slug":"planes","status":"publish","type":"page","link":"https:\/\/www.desnudarte.com\/desa\/","title":{"rendered":"Planes"},"content":{"rendered":"\n<h2 class=\"wp-block-heading\">Descubre\u00a0<strong>los mejores planes<\/strong> para\u00a0seducir a tu pareja<\/h2>\n\n\n\n<h4 class=\"has-text-align-center wp-block-heading\">Seleccionamos los mejores ingredientes<\/h4>\n\n\n\n<div class=\"wp-block-columns alignfull has-text-color has-background is-layout-flex wp-container-core-columns-is-layout-1 wp-block-columns-is-layout-flex\" style=\"color:#000000;background-color:#ffffff\">\n<div class=\"wp-block-column is-layout-flow wp-block-column-is-layout-flow\" style=\"flex-basis:25%\">\n<h3 class=\"has-medium-font-size wp-block-heading\" style=\"line-height:1.3\"><strong>PLANES SECRETOS<\/strong><\/h3>\n\n\n\n<figure class=\"wp-block-image size-full\"><img loading=\"lazy\" decoding=\"async\" width=\"128\" height=\"128\" src=\"http:\/\/www.desnudarte.com\/desa\/wp-content\/uploads\/2016\/10\/raster-3.png\" alt=\"\" class=\"wp-image-210\"\/><\/figure>\n\n\n\n<p>Hay miles de ofertas de ocio, pero \u00bfqui\u00e9n tiene tiempo de seleccionar y organizar una velada que sorprenda a tu pareja? Te enviamos los mejores planes para que triunfes con tu pareja.<\/p>\n<\/div>\n\n\n\n<div class=\"wp-block-column is-layout-flow wp-block-column-is-layout-flow\" style=\"flex-basis:25%\">\n<h3 class=\"has-medium-font-size wp-block-heading\" style=\"line-height:1.3\"><strong>REGALOS<\/strong><\/h3>\n\n\n\n<figure class=\"wp-block-image\"><img decoding=\"async\" src=\"http:\/\/www.desnudarte.com\/desa\/wp-content\/uploads\/2016\/10\/raster.png\" alt=\"\"\/><\/figure>\n\n\n\n<p>\u00bfOtra vez un perfume? Los regalos inesperados provocan una sonrisa, y si encima son originales se convierten en inolvidables. Descubre los regalos m\u00e1s originales para triunfar.<\/p>\n<\/div>\n\n\n\n<div class=\"wp-block-column is-layout-flow wp-block-column-is-layout-flow\" style=\"flex-basis:25%\">\n<h3 class=\"has-medium-font-size wp-block-heading\" style=\"line-height:1.3\"><strong>SOBRE PAREJAS<\/strong><\/h3>\n\n\n\n<figure class=\"wp-block-image\"><img decoding=\"async\" src=\"http:\/\/www.desnudarte.com\/desa\/wp-content\/uploads\/2016\/10\/raster-2.png\" alt=\"\"\/><\/figure>\n\n\n\n<p>El mundo del amor y las parejas es el tema del que m\u00e1s se ha escrito y hablado jam\u00e1s. Pero de vez en cuando encontramos recursos inspiradores que te encantar\u00e1 ver o compartir con tu pareja.<\/p>\n<\/div>\n\n\n\n<div class=\"wp-block-column is-layout-flow wp-block-column-is-layout-flow\" style=\"flex-basis:25%\">\n<h3 class=\"has-medium-font-size wp-block-heading\" style=\"line-height:1.3\"><strong>UNA PIZCA DE PICANTE<\/strong><\/h3>\n\n\n\n<figure class=\"wp-block-image\"><img decoding=\"async\" src=\"http:\/\/www.desnudarte.com\/desa\/wp-content\/uploads\/2016\/10\/raster-1.png\" alt=\"\"\/><\/figure>\n\n\n\n<p>Nos gustan los corazoncitos y los paseos viendo la puesta de sol. \u00a1Y Tambi\u00e9n los planes m\u00e1s carnales!&#8230;Por eso te avisaremos cuando nos enteremos de los mejores ingredientes para una buena noche er\u00f3tico-festiva. \u00bfTe atreves?<\/p>\n<\/div>\n<\/div>\n\n\n\n<p><\/p>\n\n\n\n<p>El mundo del amor y las parejas es el tema del que m\u00e1s se ha escrito y hablado jam\u00e1s. Pero de vez en cuando encontramos recursos inspiradores que te encantar\u00e1 ver o compartir con tu pareja.<\/p>\n\n\n\n<blockquote class=\"wp-block-quote is-style-default is-layout-flow wp-block-quote-is-layout-flow\">\n<h3 class=\"wp-block-heading\">Ninon de l\u2019Enclos<\/h3>\n\n\n\n<h1 class=\"wp-block-heading\"><em>\u00abEl amor es una pieza de teatro en la que los actos son muy cortos y los entreactos, muy largos. \u00bfC\u00f3mo llenar los intermedios sino mediante el ingenio?<\/em>&nbsp;\u00ab<\/h1>\n<\/blockquote>\n\n\n\n<h4 class=\"wp-block-heading\">Las obligaciones, el trabajo, los compromisos de entre semana,&#8230; y cuando llega el fin de semana, siempre los mismos planes.<\/h4>\n\n\n\n<h4 class=\"wp-block-heading\">Hay miles de ofertas de ocio, pero \u00bfqui\u00e9n tiene tiempo de seleccionar y organizar una velada que sorprenda&nbsp;a tu pareja* ?<\/h4>\n\n\n\n<h4 class=\"wp-block-heading\">\u00danete ahora&nbsp;<span style=\"color: #e53b96;\">GRATUITAMENTE<\/span> y recibir\u00e1s informaci\u00f3n valiosa s\u00f3lo disponible para nuestros SOCIOS:<\/h4>\n\n\n\n<ul class=\"wp-block-list\">\n<li>\n<h4>Las ofertas y promociones m\u00e1s interesantes del momento<\/h4>\n<\/li>\n\n\n\n<li>\n<h4>Los mejores ingredientes secretos para&nbsp;endulzar tu relaci\u00f3n<\/h4>\n<\/li>\n\n\n\n<li>\n<h4>Regalos que seducir\u00e1n a tu pareja<\/h4>\n<\/li>\n\n\n\n<li>\n<h4>y mucho m\u00e1s&#8230;<\/h4>\n<\/li>\n<\/ul>\n\n\n\n<h3 class=\"wp-block-heading\">Inscr\u00edbete GRATIS y accede a los mejores planes s\u00f3lo para nuestros socios.<\/h3>\n\n\n\n<form id=\"form-widget-7-1-0\" class=\"widget_wysija\" action=\"#wysija\" method=\"post\">\n<p class=\"wysija-paragraph\"><label>Nombre<\/label> <input class=\"wysija-input \" title=\"Nombre\" name=\"wysija[user][firstname]\" type=\"text\" value=\"\"> <span class=\"abs-req\"> <input class=\"wysija-input validated[abs][firstname]\" name=\"wysija[user][abs][firstname]\" type=\"text\" value=\"\"> <\/span><\/p>\n<p class=\"wysija-paragraph\"><label>C\u00f3digo Postal<\/label> <input class=\"wysija-input \" title=\"C\u00f3digo Postal\" name=\"wysija[field][cf_1]\" type=\"text\" value=\"\"> <span class=\"abs-req\"> <input class=\"wysija-input validated[abs][cf_1]\" name=\"wysija[field][abs][cf_1]\" type=\"text\" value=\"\"> <\/span><\/p>\n<p class=\"wysija-paragraph\"><label>Correo Electr\u00f3nico <span class=\"wysija-required\">*<\/span><\/label> <input class=\"wysija-input validate[required,custom[email]]\" title=\"Correo Electr\u00f3nico\" name=\"wysija[user][email]\" type=\"text\" value=\"\"> <span class=\"abs-req\"> <input class=\"wysija-input validated[abs][email]\" name=\"wysija[user][abs][email]\" type=\"text\" value=\"\"> <\/span><\/p>\n<p><input class=\"wysija-submit wysija-submit-field\" type=\"submit\" value=\"\u00a1\u00danete!\"> <input name=\"form_id\" type=\"hidden\" value=\"2\"> <input name=\"action\" type=\"hidden\" value=\"save\"> <input name=\"controller\" type=\"hidden\" value=\"subscribers\"> <input name=\"wysija-page\" type=\"hidden\" value=\"1\"> <input name=\"wysija[user_list][list_ids]\" type=\"hidden\" value=\"1\"><\/p>\n<\/form>\n","protected":false},"excerpt":{"rendered":"<p>Descubre\u00a0los mejores planes para\u00a0seducir a tu pareja Seleccionamos los mejores ingredientes PLANES SECRETOS Hay miles de ofertas de ocio, pero \u00bfqui\u00e9n tiene tiempo de seleccionar y organizar una velada que sorprenda a tu pareja? Te enviamos los mejores planes para que triunfes con tu pareja. REGALOS \u00bfOtra vez un perfume? Los regalos inesperados provocan una [&hellip;]<\/p>\n","protected":false},"author":1,"featured_media":73,"parent":0,"menu_order":0,"comment_status":"closed","ping_status":"closed","template":"page_full-width.php","meta":{"_genesis_hide_title":false,"_genesis_hide_breadcrumbs":false,"_genesis_hide_singular_image":false,"_genesis_hide_footer_widgets":false,"_genesis_custom_body_class":"","_genesis_custom_post_class":"","_genesis_layout":"full-width-content","footnotes":""},"class_list":{"0":"post-187","1":"page","2":"type-page","3":"status-publish","4":"has-post-thumbnail","6":"entry"},"_links":{"self":[{"href":"https:\/\/www.desnudarte.com\/desa\/index.php?rest_route=\/wp\/v2\/pages\/187","targetHints":{"allow":["GET"]}}],"collection":[{"href":"https:\/\/www.desnudarte.com\/desa\/index.php?rest_route=\/wp\/v2\/pages"}],"about":[{"href":"https:\/\/www.desnudarte.com\/desa\/index.php?rest_route=\/wp\/v2\/types\/page"}],"author":[{"embeddable":true,"href":"https:\/\/www.desnudarte.com\/desa\/index.php?rest_route=\/wp\/v2\/users\/1"}],"replies":[{"embeddable":true,"href":"https:\/\/www.desnudarte.com\/desa\/index.php?rest_route=%2Fwp%2Fv2%2Fcomments&post=187"}],"version-history":[{"count":44,"href":"https:\/\/www.desnudarte.com\/desa\/index.php?rest_route=\/wp\/v2\/pages\/187\/revisions"}],"predecessor-version":[{"id":300,"href":"https:\/\/www.desnudarte.com\/desa\/index.php?rest_route=\/wp\/v2\/pages\/187\/revisions\/300"}],"wp:featuredmedia":[{"embeddable":true,"href":"https:\/\/www.desnudarte.com\/desa\/index.php?rest_route=\/wp\/v2\/media\/73"}],"wp:attachment":[{"href":"https:\/\/www.desnudarte.com\/desa\/index.php?rest_route=%2Fwp%2Fv2%2Fmedia&parent=187"}],"curies":[{"name":"wp","href":"https:\/\/api.w.org\/{rel}","templated":true}]}}